{"id":2383,"date":"2021-04-02T12:50:38","date_gmt":"2021-04-02T11:50:38","guid":{"rendered":"https:\/\/vocabulaires-ouverts.inrae.fr\/?page_id=2383"},"modified":"2025-08-15T14:18:12","modified_gmt":"2025-08-15T13:18:12","slug":"politique-de-cookies","status":"publish","type":"page","link":"https:\/\/istblogs.d-marheine.com\/lovinra\/politique-de-cookies\/","title":{"rendered":"Politique de cookies"},"content":{"rendered":"\t\t<div data-elementor-type=\"wp-page\" data-elementor-id=\"2383\" class=\"elementor elementor-2383\">\n\t\t\t\t\t\t<section class=\"elementor-section elementor-top-section elementor-element elementor-element-63b4ae77 elementor-section-boxed elementor-section-height-default elementor-section-height-default wpr-particle-no wpr-jarallax-no wpr-parallax-no wpr-sticky-section-no wpr-equal-height-no\" data-id=\"63b4ae77\" data-element_type=\"section\" data-e-type=\"section\">\n\t\t\t\t\t\t<div class=\"elementor-container elementor-column-gap-default\">\n\t\t\t\t\t<div class=\"elementor-column elementor-col-100 elementor-top-column elementor-element elementor-element-15e0f070\" data-id=\"15e0f070\" data-element_type=\"column\" data-e-type=\"column\">\n\t\t\t<div class=\"elementor-widget-wrap elementor-element-populated\">\n\t\t\t\t\t\t<div class=\"elementor-element elementor-element-3cad6a9 elementor-widget elementor-widget-heading\" data-id=\"3cad6a9\" data-element_type=\"widget\" data-e-type=\"widget\" data-widget_type=\"heading.default\">\n\t\t\t\t<div class=\"elementor-widget-container\">\n\t\t\t\t\t<h1 class=\"elementor-heading-title elementor-size-default\">Politique de confidentialit\u00e9<\/h1>\t\t\t\t<\/div>\n\t\t\t\t<\/div>\n\t\t\t\t<div class=\"elementor-element elementor-element-1db7b51 elementor-widget elementor-widget-text-editor\" data-id=\"1db7b51\" data-element_type=\"widget\" data-e-type=\"widget\" data-widget_type=\"text-editor.default\">\n\t\t\t\t<div class=\"elementor-widget-container\">\n\t\t\t\t\t\t\t\t\t<p>Ce Site collecte certaines Donn\u00e9es personnelles de ses Utilisateurs.<\/p>\t\t\t\t\t\t\t\t<\/div>\n\t\t\t\t<\/div>\n\t\t\t\t<div class=\"elementor-element elementor-element-5a8d3eb elementor-widget elementor-widget-heading\" data-id=\"5a8d3eb\" data-element_type=\"widget\" data-e-type=\"widget\" data-widget_type=\"heading.default\">\n\t\t\t\t<div class=\"elementor-widget-container\">\n\t\t\t\t\t<h2 class=\"elementor-heading-title elementor-size-default\">Propri\u00e9taire et Responsable du traitement\n<\/h2>\t\t\t\t<\/div>\n\t\t\t\t<\/div>\n\t\t\t\t<div class=\"elementor-element elementor-element-bfaa875 elementor-widget elementor-widget-text-editor\" data-id=\"bfaa875\" data-element_type=\"widget\" data-e-type=\"widget\" data-widget_type=\"text-editor.default\">\n\t\t\t\t<div class=\"elementor-widget-container\">\n\t\t\t\t\t\t\t\t\t<p>INRAE, Institut National de Recherche pour l\u2019agriculture, l\u2019alimentation et l\u2019environnement (\u00c9tablissement public \u00e0 caract\u00e8re scientifique et technologique)<\/p><p><strong>Courriel de contact du Propri\u00e9taire :<\/strong>\u00a0vocabulaires-ouverts@inrae.fr<\/p><p>\u00a0<\/p><h3>Gestion des cookies<\/h3><p>Nous utilisons des cookies pour optimiser notre site et nos services, mesurer la fr\u00e9quentation du site et am\u00e9liorer l&rsquo;exp\u00e9rience de nos utilisateurs.<\/p><h3>Cookies obligatoires<\/h3><p>Certains cookies sont n\u00e9cessaires au bon fonctionnement du site et ne peuvent \u00eatre d\u00e9sactiv\u00e9s.<\/p><p>\u00a0<\/p><div class=\"cky-audit-table-element\">\u00a0<\/div>\t\t\t\t\t\t\t\t<\/div>\n\t\t\t\t<\/div>\n\t\t\t\t<div class=\"elementor-element elementor-element-d201249 elementor-widget elementor-widget-heading\" data-id=\"d201249\" data-element_type=\"widget\" data-e-type=\"widget\" data-widget_type=\"heading.default\">\n\t\t\t\t<div class=\"elementor-widget-container\">\n\t\t\t\t\t<h2 class=\"elementor-heading-title elementor-size-default\">Donn\u00e9es \u00e0 caract\u00e8re personnel<\/h2>\t\t\t\t<\/div>\n\t\t\t\t<\/div>\n\t\t\t\t<div class=\"elementor-element elementor-element-2077dc2 elementor-widget elementor-widget-text-editor\" data-id=\"2077dc2\" data-element_type=\"widget\" data-e-type=\"widget\" data-widget_type=\"text-editor.default\">\n\t\t\t\t<div class=\"elementor-widget-container\">\n\t\t\t\t\t\t\t\t\t<p>Les donn\u00e9es \u00e0 caract\u00e8re personnel (DCP) recueillies sur le pr\u00e9sent site sont\u00a0:<\/p><ul><li>au titre du souhait de connexion\u00a0: le cas \u00e9ch\u00e9ant l\u2019adresse IP, la date, l\u2019heure et les pages consult\u00e9es, des informations techniques de d\u00e9lais de r\u00e9ponse (\u00e0 travers les cookies \u2013\u00a0se r\u00e9f\u00e9rer au paragraphe sur la gestion des cookies) ;<\/li><li>au titre des formulaires de contact\u00a0: un nom, un pr\u00e9nom, une adresse mail, le motif de la demande et le d\u00e9tail ;<\/li><li>au titre des mentions Auteurs, Relecteurs en bas des pages du site\u00a0: nom, pr\u00e9nom. Une demande d\u2019autorisation de mention du nom et pr\u00e9nom est demand\u00e9 au propri\u00e9taire.<\/li><\/ul><p>Ces DCP font l\u2019objet d\u2019un traitement informatique mis en \u0153uvre par le responsable du traitement concern\u00e9 et le responsable de publication du site tel que mentionn\u00e9 dans le paragraphe mentions l\u00e9gales.<\/p><p>Ces DCP sont obligatoires pour le bon fonctionnement du site internet avec\u00a0:<\/p><ul><li>les informations relevant des cookies ;<\/li><li>si vous remplissez le formulaire de contact, toutes les DCP li\u00e9es \u00e0 l\u2019information de ce formulaire ;<\/li><\/ul><p>Ces DCP ont pour finalit\u00e9 la mise en \u0153uvre du site internet, la mesure d\u2019audience, le traitement d\u2019incidents sur les temps de r\u00e9ponse. La base juridique de ces traitements est l\u2019ex\u00e9cution de la mission d\u2019int\u00e9r\u00eat public d&rsquo;INRAE sauf pour les formulaires de contact et certains cookies o\u00f9 la base l\u00e9gale est votre consentement.<\/p><h3>Dur\u00e9es de conservation<\/h3><table><tbody><tr><td width=\"292\"><p><strong>Donn\u00e9es collect\u00e9es pour la finalit\u00e9<\/strong><\/p><\/td><td width=\"355\"><p><strong>Dur\u00e9e de conservation<\/strong><\/p><\/td><\/tr><tr><td width=\"292\"><p>Formulaire de contact pour un non-utilisateur<\/p><\/td><td width=\"355\"><p>5 ans \u00e0 compter du traitement de la demande<\/p><\/td><\/tr><tr><td width=\"292\"><p>Mesure d\u2019audience<\/p><\/td><td width=\"355\"><p>Maximum 13 mois<\/p><\/td><\/tr><tr><td width=\"292\"><p>Cookies internes n\u00e9cessaires au site pour fonctionner<\/p><\/td><td width=\"355\"><p>Maximum 13 mois<\/p><\/td><\/tr><tr><td width=\"292\"><p>Mentions auteurs, relecteurs<\/p><\/td><td width=\"355\"><p>Dur\u00e9e de vie de la page web<\/p><\/td><\/tr><\/tbody><\/table><p>\u00a0\u00c0 l\u2019issue des dur\u00e9es de conservation indiqu\u00e9es, les donn\u00e9es seront d\u00e9truites.<\/p><p>Les destinataires des DCP sont les personnels habilit\u00e9s des services du responsable de traitement, des partenaires\/tutelles et des prestataires<em>\u00a0<\/em>en charge de la gestion et du suivi des utilisateurs et en charge de la mise en \u0153uvre du site internet et des services qui y sont propos\u00e9s.<\/p><p>Vous disposez d\u2019un droit d\u2019acc\u00e8s, de rectification, d\u2019opposition pour motifs l\u00e9gitimes, de limitation et d\u2019effacement relativement \u00e0 l\u2019ensemble des DCP vous concernant dans les conditions pr\u00e9vues par la loi Informatique et Libert\u00e9s du 6 janvier 1978 modifi\u00e9e, renforc\u00e9e et compl\u00e9t\u00e9e par le RGPD (r\u00e8glement g\u00e9n\u00e9ral sur la protection des donn\u00e9es) entr\u00e9 en vigueur le 25 mai 2018.<\/p><p>Vous pouvez exercer ces droits en vous adressant au responsable de r\u00e9daction tel que mentionn\u00e9 dans les mentions l\u00e9gales ou en lui en \u00e9crivant \u00e0 l\u2019adresse indiqu\u00e9e dans ces m\u00eames mentions ou en envoyant un mail \u00e0 vocabulaires-ouverts@inrae.fr<\/p><p>En cas de doute sur l\u2019identit\u00e9 de la personne exer\u00e7ant ses droits, un document d\u2019identit\u00e9 sign\u00e9 sera demand\u00e9.<\/p><p>Le responsable de traitement a nomm\u00e9 un D\u00e9l\u00e9gu\u00e9 \u00e0 la Protection des Donn\u00e9es \u00e0 caract\u00e8re personnel (DPO).<\/p><p>Vous pouvez le contacter par email \u00e0 <a href=\"mailto:cil-dpo@inrae.fr\"><u>cil-dpo@inrae.fr<\/u><\/a> ou par courrier \u00e0 INRAE \u2013 24, chemin de Borde Rouge \u2013 Auzeville \u2013 CS52627 \u2013 31326 Castanet Tolosan Cedex \u2013 France.<\/p><p>Si vous estimez, apr\u00e8s avoir contact\u00e9 le responsable de traitement, que vos droits Informatique et Libert\u00e9s ne sont pas respect\u00e9s, vous avez la possibilit\u00e9 d\u2019introduire une r\u00e9clamation aupr\u00e8s de la CNIL par courrier postal : Commission Nationale de l&rsquo;Informatique et des Libert\u00e9s 3 Place de Fontenoy \u2013 TSA 80715 \u2013 75334 Paris Cedex 07 ou en ligne <a href=\"https:\/\/www.cnil.fr\/fr\"><u>https:\/\/www.cnil.fr\/<\/u><\/a><\/p>\t\t\t\t\t\t\t\t<\/div>\n\t\t\t\t<\/div>\n\t\t\t\t\t<\/div>\n\t\t<\/div>\n\t\t\t\t\t<\/div>\n\t\t<\/section>\n\t\t\t\t<section class=\"elementor-section elementor-top-section elementor-element elementor-element-b55035f elementor-section-height-min-height elementor-section-stretched elementor-section-boxed elementor-section-height-default elementor-section-items-middle wpr-particle-no wpr-jarallax-no wpr-parallax-no wpr-sticky-section-no wpr-equal-height-no\" data-id=\"b55035f\" data-element_type=\"section\" data-e-type=\"section\" data-settings=\"{&quot;stretch_section&quot;:&quot;section-stretched&quot;,&quot;background_background&quot;:&quot;classic&quot;,&quot;shape_divider_bottom&quot;:&quot;waves&quot;}\">\n\t\t\t\t\t<div class=\"elementor-shape elementor-shape-bottom\" aria-hidden=\"true\" data-negative=\"false\">\n\t\t\t<svg xmlns=\"http:\/\/www.w3.org\/2000\/svg\" viewBox=\"0 0 1000 100\" preserveAspectRatio=\"none\">\n\t<path class=\"elementor-shape-fill\" d=\"M421.9,6.5c22.6-2.5,51.5,0.4,75.5,5.3c23.6,4.9,70.9,23.5,100.5,35.7c75.8,32.2,133.7,44.5,192.6,49.7\n\tc23.6,2.1,48.7,3.5,103.4-2.5c54.7-6,106.2-25.6,106.2-25.6V0H0v30.3c0,0,72,32.6,158.4,30.5c39.2-0.7,92.8-6.7,134-22.4\n\tc21.2-8.1,52.2-18.2,79.7-24.2C399.3,7.9,411.6,7.5,421.9,6.5z\"\/>\n<\/svg>\t\t<\/div>\n\t\t\t\t\t<div class=\"elementor-container elementor-column-gap-default\">\n\t\t\t\t\t<div class=\"elementor-column elementor-col-100 elementor-top-column elementor-element elementor-element-f5a03da\" data-id=\"f5a03da\" data-element_type=\"column\" data-e-type=\"column\">\n\t\t\t<div class=\"elementor-widget-wrap\">\n\t\t\t\t\t\t\t<\/div>\n\t\t<\/div>\n\t\t\t\t\t<\/div>\n\t\t<\/section>\n\t\t\t\t<\/div>\n\t\t","protected":false},"excerpt":{"rendered":"<p>Politique de confidentialit\u00e9 Ce Site collecte certaines Donn\u00e9es personnelles de ses Utilisateurs. Propri\u00e9taire et Responsable du traitement INRAE, Institut National de Recherche pour l\u2019agriculture, l\u2019alimentation et l\u2019environnement (\u00c9tablissement public \u00e0 caract\u00e8re scientifique et technologique) Courriel de contact du Propri\u00e9taire :\u00a0vocabulaires-ouverts@inrae.fr \u00a0 Gestion des cookies Nous utilisons des cookies pour optimiser notre site et nos services, mesurer la fr\u00e9quentation du site et am\u00e9liorer l&rsquo;exp\u00e9rience de nos utilisateurs. Cookies obligatoires Certains cookies sont n\u00e9cessaires au bon fonctionnement du site et ne peuvent \u00eatre d\u00e9sactiv\u00e9s. \u00a0 \u00a0 Donn\u00e9es \u00e0 caract\u00e8re personnel Les donn\u00e9es \u00e0 caract\u00e8re personnel (DCP) recueillies sur le pr\u00e9sent site sont\u00a0: au titre du souhait de connexion\u00a0: le cas \u00e9ch\u00e9ant l\u2019adresse IP, la date, l\u2019heure et les pages consult\u00e9es, des informations techniques de d\u00e9lais de r\u00e9ponse (\u00e0 travers les cookies \u2013\u00a0se r\u00e9f\u00e9rer au paragraphe sur la gestion des cookies) ; au titre des formulaires de contact\u00a0: un nom, un pr\u00e9nom, une adresse mail, le motif de la demande et le d\u00e9tail ; au titre des mentions Auteurs, Relecteurs en bas des pages du site\u00a0: nom, pr\u00e9nom. Une demande d\u2019autorisation de mention du nom et pr\u00e9nom est demand\u00e9 au propri\u00e9taire. Ces DCP font l\u2019objet d\u2019un traitement informatique mis en \u0153uvre par le responsable du traitement concern\u00e9 et le responsable de publication du site tel que mentionn\u00e9 dans le paragraphe mentions l\u00e9gales. Ces DCP sont obligatoires pour le bon fonctionnement du site internet avec\u00a0: les informations relevant des cookies ; si vous remplissez le formulaire de contact, toutes les DCP li\u00e9es \u00e0 l\u2019information de ce formulaire ; Ces DCP ont pour finalit\u00e9 la mise en \u0153uvre du site internet, la mesure d\u2019audience, le traitement d\u2019incidents sur les temps de r\u00e9ponse. La base juridique de ces traitements est l\u2019ex\u00e9cution de la mission d\u2019int\u00e9r\u00eat public d&rsquo;INRAE sauf pour les formulaires de contact et certains cookies o\u00f9 la base l\u00e9gale est votre consentement. Dur\u00e9es de conservation Donn\u00e9es collect\u00e9es pour la finalit\u00e9 Dur\u00e9e de conservation Formulaire de contact pour un non-utilisateur 5 ans \u00e0 compter du traitement de la demande Mesure d\u2019audience Maximum 13 mois Cookies internes n\u00e9cessaires au site pour fonctionner Maximum 13 mois Mentions auteurs, relecteurs Dur\u00e9e de vie de la page web \u00a0\u00c0 l\u2019issue des dur\u00e9es de conservation indiqu\u00e9es, les donn\u00e9es seront d\u00e9truites. Les destinataires des DCP sont les personnels habilit\u00e9s des services du responsable de traitement, des partenaires\/tutelles et des prestataires\u00a0en charge de la gestion et du suivi des utilisateurs et en charge de la mise en \u0153uvre du site internet et des services qui y sont propos\u00e9s. Vous disposez d\u2019un droit d\u2019acc\u00e8s, de rectification, d\u2019opposition pour motifs l\u00e9gitimes, de limitation et d\u2019effacement relativement \u00e0 l\u2019ensemble des DCP vous concernant dans les conditions pr\u00e9vues par la loi Informatique et Libert\u00e9s du 6 janvier 1978 modifi\u00e9e, renforc\u00e9e et compl\u00e9t\u00e9e par le RGPD (r\u00e8glement g\u00e9n\u00e9ral sur la protection des donn\u00e9es) entr\u00e9 en vigueur le 25 mai 2018. Vous pouvez exercer ces droits en vous adressant au responsable de r\u00e9daction tel que mentionn\u00e9 dans les mentions l\u00e9gales ou en lui en \u00e9crivant \u00e0 l\u2019adresse indiqu\u00e9e dans ces m\u00eames mentions ou en envoyant un mail \u00e0 vocabulaires-ouverts@inrae.fr En cas de doute sur l\u2019identit\u00e9 de la personne exer\u00e7ant ses droits, un document d\u2019identit\u00e9 sign\u00e9 sera demand\u00e9. Le responsable de traitement a nomm\u00e9 un D\u00e9l\u00e9gu\u00e9 \u00e0 la Protection des Donn\u00e9es \u00e0 caract\u00e8re personnel (DPO). Vous pouvez le contacter par email \u00e0 cil-dpo@inrae.fr ou par courrier \u00e0 INRAE \u2013 24, chemin de Borde Rouge \u2013 Auzeville \u2013 CS52627 \u2013 31326 Castanet Tolosan Cedex \u2013 France. Si vous estimez, apr\u00e8s avoir contact\u00e9 le responsable de traitement, que vos droits Informatique et Libert\u00e9s ne sont pas respect\u00e9s, vous avez la possibilit\u00e9 d\u2019introduire une r\u00e9clamation aupr\u00e8s de la CNIL par courrier postal : Commission Nationale de l&rsquo;Informatique et des Libert\u00e9s 3 Place de Fontenoy \u2013 TSA 80715 \u2013 75334 Paris Cedex 07 ou en ligne https:\/\/www.cnil.fr\/<\/p>\n","protected":false},"author":98,"featured_media":0,"parent":0,"menu_order":0,"comment_status":"closed","ping_status":"closed","template":"","meta":{"_acf_changed":false,"site-sidebar-layout":"default","site-content-layout":"default","ast-site-content-layout":"default","site-content-style":"default","site-sidebar-style":"default","ast-global-header-display":"","ast-banner-title-visibility":"","ast-main-header-display":"","ast-hfb-above-header-display":"","ast-hfb-below-header-display":"","ast-hfb-mobile-header-display":"","site-post-title":"","ast-breadcrumbs-content":"","ast-featured-img":"","footer-sml-layout":"","ast-disable-related-posts":"","theme-transparent-header-meta":"default","adv-header-id-meta":"","stick-header-meta":"","header-above-stick-meta":"","header-main-stick-meta":"","header-below-stick-meta":"","astra-migrate-meta-layouts":"default","ast-page-background-enabled":"default","ast-page-background-meta":{"desktop":{"background-color":"var(--ast-global-color-4)","background-image":"","background-repeat":"repeat","background-position":"center center","background-size":"auto","background-attachment":"scroll","background-type":"","background-media":"","overlay-type":"","overlay-color":"","overlay-opacity":"","overlay-gradient":""},"tablet":{"background-color":"","background-image":"","background-repeat":"repeat","background-position":"center center","background-size":"auto","background-attachment":"scroll","background-type":"","background-media":"","overlay-type":"","overlay-color":"","overlay-opacity":"","overlay-gradient":""},"mobile":{"background-color":"","background-image":"","background-repeat":"repeat","background-position":"center center","background-size":"auto","background-attachment":"scroll","background-type":"","background-media":"","overlay-type":"","overlay-color":"","overlay-opacity":"","overlay-gradient":""}},"ast-content-background-meta":{"desktop":{"background-color":"var(--ast-global-color-5)","background-image":"","background-repeat":"repeat","background-position":"center center","background-size":"auto","background-attachment":"scroll","background-type":"","background-media":"","overlay-type":"","overlay-color":"","overlay-opacity":"","overlay-gradient":""},"tablet":{"background-color":"var(--ast-global-color-5)","background-image":"","background-repeat":"repeat","background-position":"center center","background-size":"auto","background-attachment":"scroll","background-type":"","background-media":"","overlay-type":"","overlay-color":"","overlay-opacity":"","overlay-gradient":""},"mobile":{"background-color":"var(--ast-global-color-5)","background-image":"","background-repeat":"repeat","background-position":"center center","background-size":"auto","background-attachment":"scroll","background-type":"","background-media":"","overlay-type":"","overlay-color":"","overlay-opacity":"","overlay-gradient":""}},"footnotes":""},"class_list":["post-2383","page","type-page","status-publish","hentry"],"acf":[],"_links":{"self":[{"href":"https:\/\/istblogs.d-marheine.com\/lovinra\/wp-json\/wp\/v2\/pages\/2383","targetHints":{"allow":["GET"]}}],"collection":[{"href":"https:\/\/istblogs.d-marheine.com\/lovinra\/wp-json\/wp\/v2\/pages"}],"about":[{"href":"https:\/\/istblogs.d-marheine.com\/lovinra\/wp-json\/wp\/v2\/types\/page"}],"author":[{"embeddable":true,"href":"https:\/\/istblogs.d-marheine.com\/lovinra\/wp-json\/wp\/v2\/users\/98"}],"replies":[{"embeddable":true,"href":"https:\/\/istblogs.d-marheine.com\/lovinra\/wp-json\/wp\/v2\/comments?post=2383"}],"version-history":[{"count":5,"href":"https:\/\/istblogs.d-marheine.com\/lovinra\/wp-json\/wp\/v2\/pages\/2383\/revisions"}],"predecessor-version":[{"id":11972,"href":"https:\/\/istblogs.d-marheine.com\/lovinra\/wp-json\/wp\/v2\/pages\/2383\/revisions\/11972"}],"wp:attachment":[{"href":"https:\/\/istblogs.d-marheine.com\/lovinra\/wp-json\/wp\/v2\/media?parent=2383"}],"curies":[{"name":"wp","href":"https:\/\/api.w.org\/{rel}","templated":true}]}}